{"id":104,"date":"2021-02-19T15:52:54","date_gmt":"2021-02-19T14:52:54","guid":{"rendered":"http:\/\/www.corners.fr\/?page_id=104"},"modified":"2024-09-30T10:52:31","modified_gmt":"2024-09-30T08:52:31","slug":"summer-camps","status":"publish","type":"page","link":"https:\/\/www.corners.fr\/index.php\/summer-camps\/","title":{"rendered":"Summer Camps"},"content":{"rendered":"\n<p class=\"has-text-align-center\" style=\"font-size:20px\">Les Summer Camps ont \u00e9t\u00e9 imagin\u00e9s et d\u00e9velopp\u00e9s pour r\u00e9pondre aux besoins des athl\u00e8tes qui souhaitent d\u00e9couvrir l&#8217;accompagnement de la dimension mentale comme levier de la performance<\/p>\n\n\n\n<p class=\"has-text-align-center\" style=\"font-size:20px\">Les Summer Camps sont des stages courts de d\u00e9couverte de notre conception de l&#8217;accompagnement de la dimension en milieu sportif<\/p>\n\n\n\n<p class=\"has-text-align-center\" style=\"font-size:20px\">Nous avons d\u00e9velopp\u00e9 deux programmes:<\/p>\n\n\n\n<p class=\"has-text-align-center\" style=\"font-size:20px\"><strong>*  Les Summer Camps Athl\u00e8tes,   <\/strong><\/p>\n\n\n\n<p style=\"font-size:20px\">pour les sportifs de haut niveau \u00e0 la recherche de nouvelles pistes pour am\u00e9liorer durablement leur performance <\/p>\n\n\n\n<p class=\"has-text-align-center\" style=\"font-size:20px\"><strong>*  Les Summer Camps Encadrants<\/strong><\/p>\n\n\n\n<p style=\"font-size:20px\">pour les entra\u00eeneurs d\u00e9sireux de comprendre les opportunit\u00e9s qu&#8217;offrent le d\u00e9veloppement des comp\u00e9tences mentales de leurs athl\u00e8tes et prendre conscience qu&#8217;eux aussi se doivent d&#8217;\u00eatre pr\u00eats le jour J<\/p>\n\n\n\n<p class=\"has-text-align-center\" style=\"font-size:24px\"><strong><span style=\"color:#9ac31c\" class=\"has-inline-color\">Parcours p\u00e9dagogique<\/span><\/strong><\/p>\n\n\n\n<figure class=\"wp-block-table aligncenter\"><table><tbody><tr><td class=\"has-text-align-center\" data-align=\"center\"><img loading=\"lazy\" decoding=\"async\" width=\"1250\" height=\"515\" class=\"wp-image-227\" style=\"width: 1250px;\" src=\"http:\/\/www.corners.fr\/wp-content\/uploads\/2021\/02\/Capture-decran-2021-02-20-a-10.39.18.png\" alt=\"\" srcset=\"https:\/\/www.corners.fr\/wp-content\/uploads\/2021\/02\/Capture-decran-2021-02-20-a-10.39.18.png 1588w, https:\/\/www.corners.fr\/wp-content\/uploads\/2021\/02\/Capture-decran-2021-02-20-a-10.39.18-300x124.png 300w, https:\/\/www.corners.fr\/wp-content\/uploads\/2021\/02\/Capture-decran-2021-02-20-a-10.39.18-1024x422.png 1024w, https:\/\/www.corners.fr\/wp-content\/uploads\/2021\/02\/Capture-decran-2021-02-20-a-10.39.18-768x316.png 768w, https:\/\/www.corners.fr\/wp-content\/uploads\/2021\/02\/Capture-decran-2021-02-20-a-10.39.18-1536x633.png 1536w, https:\/\/www.corners.fr\/wp-content\/uploads\/2021\/02\/Capture-decran-2021-02-20-a-10.39.18-860x354.png 860w\" sizes=\"auto, (max-width: 1250px) 100vw, 1250px\" \/><\/td><\/tr><\/tbody><\/table><\/figure>\n\n\n\n<p>.<\/p>\n","protected":false},"excerpt":{"rendered":"<p>Les Summer Camps ont \u00e9t\u00e9 imagin\u00e9s et d\u00e9velopp\u00e9s pour r\u00e9pondre aux besoins des athl\u00e8tes qui souhaitent d\u00e9couvrir l&#8217;accompagnement de la dimension mentale comme levier de la performance Les Summer Camps sont des stages courts de d\u00e9couverte de notre conception de l&#8217;accompagnement de la dimension en milieu sportif Nous avons d\u00e9velopp\u00e9 deux programmes: * Les Summer&hellip;<\/p>\n","protected":false},"author":1,"featured_media":0,"parent":0,"menu_order":0,"comment_status":"closed","ping_status":"closed","template":"","meta":{"footnotes":""},"class_list":["post-104","page","type-page","status-publish","hentry"],"_links":{"self":[{"href":"https:\/\/www.corners.fr\/index.php\/wp-json\/wp\/v2\/pages\/104","targetHints":{"allow":["GET"]}}],"collection":[{"href":"https:\/\/www.corners.fr\/index.php\/wp-json\/wp\/v2\/pages"}],"about":[{"href":"https:\/\/www.corners.fr\/index.php\/wp-json\/wp\/v2\/types\/page"}],"author":[{"embeddable":true,"href":"https:\/\/www.corners.fr\/index.php\/wp-json\/wp\/v2\/users\/1"}],"replies":[{"embeddable":true,"href":"https:\/\/www.corners.fr\/index.php\/wp-json\/wp\/v2\/comments?post=104"}],"version-history":[{"count":11,"href":"https:\/\/www.corners.fr\/index.php\/wp-json\/wp\/v2\/pages\/104\/revisions"}],"predecessor-version":[{"id":483,"href":"https:\/\/www.corners.fr\/index.php\/wp-json\/wp\/v2\/pages\/104\/revisions\/483"}],"wp:attachment":[{"href":"https:\/\/www.corners.fr\/index.php\/wp-json\/wp\/v2\/media?parent=104"}],"curies":[{"name":"wp","href":"https:\/\/api.w.org\/{rel}","templated":true}]}}