{"id":514,"date":"2025-04-07T15:27:21","date_gmt":"2025-04-07T13:27:21","guid":{"rendered":"https:\/\/www.corners.fr\/?page_id=514"},"modified":"2026-01-06T17:37:11","modified_gmt":"2026-01-06T16:37:11","slug":"notre-equipe","status":"publish","type":"page","link":"https:\/\/www.corners.fr\/index.php\/notre-equipe\/","title":{"rendered":"Notre \u00e9quipe"},"content":{"rendered":"\n<hr class=\"wp-block-separator has-css-opacity\"\/>\n\n\n\n<div class=\"wp-block-media-text alignwide is-stacked-on-mobile\" style=\"grid-template-columns:15% auto\"><figure class=\"wp-block-media-text__media\"><img loading=\"lazy\" decoding=\"async\" width=\"362\" height=\"580\" src=\"http:\/\/www.corners.fr\/wp-content\/uploads\/2025\/04\/emilie-bis.gif\" alt=\"\" class=\"wp-image-563 size-full\"\/><\/figure><div class=\"wp-block-media-text__content\">\n<p class=\"has-large-font-size\"><strong>Emilie Chamagne<\/strong>, psychologue clinicienne et psychologue du sport<\/p>\n\n\n\n<p class=\"has-large-font-size\">Depuis 23 ans, mon activit\u00e9 de psychologue dans l\u2019univers du sport et du sport de haut niveau m\u2019a permis d\u2019en connaitre les codes et les probl\u00e9matiques. Ce fabuleux terrain de jeu m\u2019a donn\u00e9 l\u2019opportunit\u00e9 de monter en comp\u00e9tence dans les domaines de la sant\u00e9 mentale, de l\u2019\u00e9laboration des strat\u00e9gies de performance, de l\u2019accompagnement mental des athl\u00e8tes, des staffs ou parents. Ce qui me stimule particuli\u00e8rement aujourd\u2019hui est l\u2019accompagnement des structures sportives dans le d\u00e9veloppement et la structuration de la dimension mentale.<\/p>\n\n\n\n<p class=\"has-large-font-size\"><strong>Sp\u00e9cialit\u00e9s:<\/strong> accompagnement des structures au d\u00e9veloppement de leur strat\u00e9gie de performance, co-construction de process en dimension mentale, coordination de programmes d\u2019accompagnement mental.<\/p>\n<\/div><\/div>\n\n\n\n<hr class=\"wp-block-separator has-css-opacity\"\/>\n\n\n\n<div class=\"wp-block-media-text alignwide has-media-on-the-right is-stacked-on-mobile\" style=\"grid-template-columns:auto 15%\"><div class=\"wp-block-media-text__content\">\n<p class=\"has-large-font-size\"><strong>Nicolas Genin<\/strong>, pr\u00e9parateur mental<\/p>\n\n\n\n<p class=\"has-large-font-size\">Persuad\u00e9 que l&#8217;optimisation des leviers de la performance se joue dans une vision holistique, qu&#8217;\u00e0 tr\u00e8s haut niveau la maitrise de la variabilit\u00e9 est plus b\u00e9n\u00e9fique que le sur-entrainement aux sch\u00e9mas pr\u00e9-\u00e9tablis et d\u00e9j\u00e0 acquis, j&#8217;accompagne les sportifs comme les \u00e9quipes \u00e0 rechercher les limites de leur potentiel en d\u00e9veloppant leur capacit\u00e9 \u00e0 \u00eatre pleinement \u00e0 la t\u00e2che, dans un \u00e9tat de flow individuel et collectif &#8211; Les outils utilis\u00e9s n&#8217;\u00e9tant que les moyens de cette ambition de l&#8217;athl\u00e8te et\/ou du groupe.<\/p>\n\n\n\n<p class=\"has-large-font-size\"><strong>Sp\u00e9cialit\u00e9s:<\/strong> Accompagnement de la blessure, de la performance collective, imagerie et optimisation neurologique du mouvement<\/p>\n<\/div><figure class=\"wp-block-media-text__media\"><img loading=\"lazy\" decoding=\"async\" width=\"362\" height=\"580\" src=\"http:\/\/www.corners.fr\/wp-content\/uploads\/2025\/04\/nico-site2.gif\" alt=\"\" class=\"wp-image-570 size-full\"\/><\/figure><\/div>\n\n\n\n<hr class=\"wp-block-separator has-css-opacity\"\/>\n\n\n\n<div class=\"wp-block-media-text alignwide is-stacked-on-mobile\" style=\"grid-template-columns:15% auto\"><figure class=\"wp-block-media-text__media\"><img loading=\"lazy\" decoding=\"async\" width=\"362\" height=\"580\" src=\"http:\/\/www.corners.fr\/wp-content\/uploads\/2025\/04\/Capture-decran-2025-04-07-a-18.32.29.png\" alt=\"\" class=\"wp-image-538 size-full\" srcset=\"https:\/\/www.corners.fr\/wp-content\/uploads\/2025\/04\/Capture-decran-2025-04-07-a-18.32.29.png 362w, https:\/\/www.corners.fr\/wp-content\/uploads\/2025\/04\/Capture-decran-2025-04-07-a-18.32.29-187x300.png 187w\" sizes=\"auto, (max-width: 362px) 100vw, 362px\" \/><\/figure><div class=\"wp-block-media-text__content\">\n<p class=\"has-large-font-size\"><strong>Tom Barbeau, <\/strong>pr\u00e9parateur mental<\/p>\n\n\n\n<p class=\"has-large-font-size\">J\u2019accompagne les sportifs en les aidant \u00e0 comprendre et optimiser leur fonctionnement psychologique en contexte de performance. Dipl\u00f4m\u00e9 d\u2019un master STAPS sp\u00e9cialis\u00e9 dans la recherche en psychologie du sport, je m\u2019appuie sur l\u2019analyse de donn\u00e9es qualitatives et quantitatives afin d\u2019\u00e9valuer les facteurs mentaux de la performance. Je positionne l\u2019autonomie de l\u2019athl\u00e8te au c\u0153ur de l\u2019accompagnement.<\/p>\n\n\n\n<p class=\"has-large-font-size\"><strong>Sp\u00e9cialit\u00e9s:<\/strong> Analyse et recueil de donn\u00e9es<\/p>\n<\/div><\/div>\n\n\n\n<hr class=\"wp-block-separator has-css-opacity\"\/>\n\n\n\n<div class=\"wp-block-media-text alignwide has-media-on-the-right is-stacked-on-mobile\" style=\"grid-template-columns:auto 15%\"><div class=\"wp-block-media-text__content\">\n<p class=\"has-large-font-size\"><strong>Cl\u00e9ment Mani\u00e8re<\/strong>, psychologue clinicien sp\u00e9cialis\u00e9 en psychologie du sport<\/p>\n\n\n\n<p class=\"has-large-font-size\">Expert dans le champ de la sant\u00e9 mentale depuis une dizaine d\u2019ann\u00e9es, j\u2019accompagne les sportifs vers l\u2019autonomie et l\u2019efficacit\u00e9 dans leur recherche de performance. Je soutiens les sportifs et les structures sur les probl\u00e9matiques de sant\u00e9 mentale.<\/p>\n\n\n\n<p class=\"has-large-font-size\">J&#8217;accompagne \u00e9galement les groupes par des techniques issues du champ de la psychologie permettant de favoriser la performance collective.<\/p>\n\n\n\n<p class=\"has-large-font-size\"><strong>Sp\u00e9cialit\u00e9s:<\/strong> Prise en charge psychologique<\/p>\n<\/div><figure class=\"wp-block-media-text__media\"><img loading=\"lazy\" decoding=\"async\" width=\"362\" height=\"580\" src=\"http:\/\/www.corners.fr\/wp-content\/uploads\/2025\/04\/clement-site.jpg\" alt=\"\" class=\"wp-image-564 size-full\" srcset=\"https:\/\/www.corners.fr\/wp-content\/uploads\/2025\/04\/clement-site.jpg 362w, https:\/\/www.corners.fr\/wp-content\/uploads\/2025\/04\/clement-site-187x300.jpg 187w\" sizes=\"auto, (max-width: 362px) 100vw, 362px\" \/><\/figure><\/div>\n\n\n\n<hr class=\"wp-block-separator has-css-opacity\"\/>\n","protected":false},"excerpt":{"rendered":"<p>Emilie Chamagne, psychologue clinicienne et psychologue du sport Depuis 23 ans, mon activit\u00e9 de psychologue dans l\u2019univers du sport et du sport de haut niveau m\u2019a permis d\u2019en connaitre les codes et les probl\u00e9matiques. Ce fabuleux terrain de jeu m\u2019a donn\u00e9 l\u2019opportunit\u00e9 de monter en comp\u00e9tence dans les domaines de la sant\u00e9 mentale, de l\u2019\u00e9laboration&hellip;<\/p>\n","protected":false},"author":1,"featured_media":0,"parent":0,"menu_order":0,"comment_status":"closed","ping_status":"closed","template":"","meta":{"footnotes":""},"class_list":["post-514","page","type-page","status-publish","hentry"],"_links":{"self":[{"href":"https:\/\/www.corners.fr\/index.php\/wp-json\/wp\/v2\/pages\/514","targetHints":{"allow":["GET"]}}],"collection":[{"href":"https:\/\/www.corners.fr\/index.php\/wp-json\/wp\/v2\/pages"}],"about":[{"href":"https:\/\/www.corners.fr\/index.php\/wp-json\/wp\/v2\/types\/page"}],"author":[{"embeddable":true,"href":"https:\/\/www.corners.fr\/index.php\/wp-json\/wp\/v2\/users\/1"}],"replies":[{"embeddable":true,"href":"https:\/\/www.corners.fr\/index.php\/wp-json\/wp\/v2\/comments?post=514"}],"version-history":[{"count":25,"href":"https:\/\/www.corners.fr\/index.php\/wp-json\/wp\/v2\/pages\/514\/revisions"}],"predecessor-version":[{"id":607,"href":"https:\/\/www.corners.fr\/index.php\/wp-json\/wp\/v2\/pages\/514\/revisions\/607"}],"wp:attachment":[{"href":"https:\/\/www.corners.fr\/index.php\/wp-json\/wp\/v2\/media?parent=514"}],"curies":[{"name":"wp","href":"https:\/\/api.w.org\/{rel}","templated":true}]}}