{"id":74,"date":"2021-02-19T15:26:26","date_gmt":"2021-02-19T14:26:26","guid":{"rendered":"http:\/\/www.corners.fr\/?page_id=74"},"modified":"2025-04-10T23:17:48","modified_gmt":"2025-04-10T21:17:48","slug":"preparation-mentale-du-sportif","status":"publish","type":"page","link":"https:\/\/www.corners.fr\/index.php\/preparation-mentale-du-sportif\/","title":{"rendered":"L&#8217;accompagnement des structures"},"content":{"rendered":"\n<div style=\"height:100px\" aria-hidden=\"true\" class=\"wp-block-spacer\"><\/div>\n\n\n<div class=\"wp-block-image\">\n<figure class=\"aligncenter size-large\"><img loading=\"lazy\" decoding=\"async\" width=\"1024\" height=\"629\" src=\"http:\/\/www.corners.fr\/wp-content\/uploads\/2025\/04\/PMI2-1024x629.png\" alt=\"\" class=\"wp-image-578\" srcset=\"https:\/\/www.corners.fr\/wp-content\/uploads\/2025\/04\/PMI2-1024x629.png 1024w, https:\/\/www.corners.fr\/wp-content\/uploads\/2025\/04\/PMI2-300x184.png 300w, https:\/\/www.corners.fr\/wp-content\/uploads\/2025\/04\/PMI2-768x472.png 768w, https:\/\/www.corners.fr\/wp-content\/uploads\/2025\/04\/PMI2-860x528.png 860w, https:\/\/www.corners.fr\/wp-content\/uploads\/2025\/04\/PMI2.png 1303w\" sizes=\"auto, (max-width: 1024px) 100vw, 1024px\" \/><\/figure>\n<\/div>\n\n\n<p class=\"has-text-align-left\" style=\"font-size:20px\">Pour que les athl\u00e8tes soient <strong>performants<\/strong>, la structure dans laquelle ils \u00e9voluent doit l\u2019\u00eatre \u00e9galement. Il serait obsol\u00e8te de penser aujourd\u2019hui que les m\u00e9thodes de pr\u00e9paration mentales seules suffisent \u00e0 fabriquer des champions.<\/p>\n\n\n\n<p class=\"has-text-align-left\" style=\"font-size:20px\">Nous consid\u00e9rons donc dans notre approche l\u2019ensemble de l\u2019<strong>\u00e9cosyst\u00e8me des athl\u00e8tes<\/strong>. Nous int\u00e9grons la dimension mentale de fa\u00e7on agile au <strong>projet de performance de la structure.<\/strong><\/p>\n\n\n\n<p class=\"has-text-align-left\" style=\"font-size:20px\"><strong>Nous unissons<\/strong> \u00e9galement nos sp\u00e9cificit\u00e9s pour <strong>mener des audits<\/strong> dans les structures sportives et faire des <strong>pr\u00e9conisations ad\u00e9quates<\/strong>.<\/p>\n\n\n\n<p class=\"has-text-align-center\" style=\"font-size:20px\"><\/p>\n\n\n\n<p>.<\/p>\n","protected":false},"excerpt":{"rendered":"<p>Pour que les athl\u00e8tes soient performants, la structure dans laquelle ils \u00e9voluent doit l\u2019\u00eatre \u00e9galement. Il serait obsol\u00e8te de penser aujourd\u2019hui que les m\u00e9thodes de pr\u00e9paration mentales seules suffisent \u00e0 fabriquer des champions. Nous consid\u00e9rons donc dans notre approche l\u2019ensemble de l\u2019\u00e9cosyst\u00e8me des athl\u00e8tes. Nous int\u00e9grons la dimension mentale de fa\u00e7on agile au projet de&hellip;<\/p>\n","protected":false},"author":1,"featured_media":0,"parent":0,"menu_order":0,"comment_status":"closed","ping_status":"closed","template":"","meta":{"footnotes":""},"class_list":["post-74","page","type-page","status-publish","hentry"],"_links":{"self":[{"href":"https:\/\/www.corners.fr\/index.php\/wp-json\/wp\/v2\/pages\/74","targetHints":{"allow":["GET"]}}],"collection":[{"href":"https:\/\/www.corners.fr\/index.php\/wp-json\/wp\/v2\/pages"}],"about":[{"href":"https:\/\/www.corners.fr\/index.php\/wp-json\/wp\/v2\/types\/page"}],"author":[{"embeddable":true,"href":"https:\/\/www.corners.fr\/index.php\/wp-json\/wp\/v2\/users\/1"}],"replies":[{"embeddable":true,"href":"https:\/\/www.corners.fr\/index.php\/wp-json\/wp\/v2\/comments?post=74"}],"version-history":[{"count":24,"href":"https:\/\/www.corners.fr\/index.php\/wp-json\/wp\/v2\/pages\/74\/revisions"}],"predecessor-version":[{"id":604,"href":"https:\/\/www.corners.fr\/index.php\/wp-json\/wp\/v2\/pages\/74\/revisions\/604"}],"wp:attachment":[{"href":"https:\/\/www.corners.fr\/index.php\/wp-json\/wp\/v2\/media?parent=74"}],"curies":[{"name":"wp","href":"https:\/\/api.w.org\/{rel}","templated":true}]}}