{"id":80,"date":"2021-02-19T15:36:01","date_gmt":"2021-02-19T14:36:01","guid":{"rendered":"http:\/\/www.corners.fr\/?page_id=80"},"modified":"2025-04-10T23:13:28","modified_gmt":"2025-04-10T21:13:28","slug":"preparation-mentale-integree","status":"publish","type":"page","link":"https:\/\/www.corners.fr\/index.php\/preparation-mentale-integree\/","title":{"rendered":"L&#8217;accompagnement des Sportifs et Entraineurs"},"content":{"rendered":"\n<p class=\"has-large-font-size\">Les membres de Culture Perf accompagnent en permanence dans leurs <strong>projets de  Performance<\/strong> de nombreux <strong>athl\u00e8tes et entraineurs<\/strong> en pr\u00e9paration de leurs \u00e9ch\u00e9ances sportives.<\/p>\n\n\n\n<p class=\"has-large-font-size\">Reconnus par de nombreuses <strong>f\u00e9d\u00e9rations olympiques fran\u00e7aises et \u00e9trang\u00e8res<\/strong> pour la qualit\u00e9 de leurs accompagnements, les membres de Culture Perf sont r\u00e9f\u00e9renc\u00e9s aupr\u00e8s de la <strong>Maison R\u00e9gionale de la Performance<\/strong> <strong>Aura<\/strong> pour une meilleure int\u00e9gration au projet global.<\/p>\n\n\n\n<p class=\"has-large-font-size\">Que ce soit pour un <strong>accompagnement psychologique<\/strong> ou pour la <strong>pr\u00e9paration mentale<\/strong> des comp\u00e9titions, que ce soit dans le cadre d&#8217;une d\u00e9marche individuelle ou dans le cadre d&#8217;un plan de d\u00e9veloppement de la performance qui met en jeu une dynamique de l&#8217;ensemble de l&#8217;\u00e9cosyst\u00e8me de l&#8217;athl\u00e8te ou de l&#8217;entraineur, Culture Perf se tient au c\u00f4t\u00e9 de ceux qu&#8217;elle accompagne dans une recherche permanente de <strong>la performance en autonomie<\/strong>.<\/p>\n\n\n<div class=\"wp-block-image\">\n<figure class=\"aligncenter size-full\"><img decoding=\"async\" src=\"http:\/\/www.corners.fr\/wp-content\/uploads\/2024\/09\/IMG_1216.heic\" alt=\"\" class=\"wp-image-471\"\/><\/figure>\n<\/div>","protected":false},"excerpt":{"rendered":"<p>Les membres de Culture Perf accompagnent en permanence dans leurs projets de Performance de nombreux athl\u00e8tes et entraineurs en pr\u00e9paration de leurs \u00e9ch\u00e9ances sportives. Reconnus par de nombreuses f\u00e9d\u00e9rations olympiques fran\u00e7aises et \u00e9trang\u00e8res pour la qualit\u00e9 de leurs accompagnements, les membres de Culture Perf sont r\u00e9f\u00e9renc\u00e9s aupr\u00e8s de la Maison R\u00e9gionale de la Performance Aura&hellip;<\/p>\n","protected":false},"author":1,"featured_media":0,"parent":0,"menu_order":0,"comment_status":"closed","ping_status":"closed","template":"","meta":{"footnotes":""},"class_list":["post-80","page","type-page","status-publish","hentry"],"_links":{"self":[{"href":"https:\/\/www.corners.fr\/index.php\/wp-json\/wp\/v2\/pages\/80","targetHints":{"allow":["GET"]}}],"collection":[{"href":"https:\/\/www.corners.fr\/index.php\/wp-json\/wp\/v2\/pages"}],"about":[{"href":"https:\/\/www.corners.fr\/index.php\/wp-json\/wp\/v2\/types\/page"}],"author":[{"embeddable":true,"href":"https:\/\/www.corners.fr\/index.php\/wp-json\/wp\/v2\/users\/1"}],"replies":[{"embeddable":true,"href":"https:\/\/www.corners.fr\/index.php\/wp-json\/wp\/v2\/comments?post=80"}],"version-history":[{"count":23,"href":"https:\/\/www.corners.fr\/index.php\/wp-json\/wp\/v2\/pages\/80\/revisions"}],"predecessor-version":[{"id":603,"href":"https:\/\/www.corners.fr\/index.php\/wp-json\/wp\/v2\/pages\/80\/revisions\/603"}],"wp:attachment":[{"href":"https:\/\/www.corners.fr\/index.php\/wp-json\/wp\/v2\/media?parent=80"}],"curies":[{"name":"wp","href":"https:\/\/api.w.org\/{rel}","templated":true}]}}